{"id":45,"date":"2022-06-12T10:20:47","date_gmt":"2022-06-12T08:20:47","guid":{"rendered":"http:\/\/dev.comitecsailing.de\/?page_id=45"},"modified":"2022-06-12T11:05:32","modified_gmt":"2022-06-12T09:05:32","slug":"impressum","status":"publish","type":"page","link":"https:\/\/comitec-sailing.de\/nl\/impressum\/","title":{"rendered":"Afdruk"},"content":{"rendered":"<div data-elementor-type=\"wp-page\" data-elementor-id=\"45\" class=\"elementor elementor-45\" data-elementor-post-type=\"page\">\n\t\t\t\t\t\t\t\t\t<section class=\"elementor-section elementor-top-section elementor-element elementor-element-e36c858 elementor-section-boxed elementor-section-height-default elementor-section-height-default\" data-id=\"e36c858\" data-element_type=\"section\">\n\t\t\t\t\t\t<div class=\"elementor-container elementor-column-gap-default\">\n\t\t\t\t\t<div class=\"elementor-column elementor-col-100 elementor-top-column elementor-element elementor-element-50c24c0\" data-id=\"50c24c0\" data-element_type=\"column\">\n\t\t\t<div class=\"elementor-widget-wrap elementor-element-populated\">\n\t\t\t\t\t\t\t\t<div class=\"elementor-element elementor-element-c7340f5 elementor-widget elementor-widget-spacer\" data-id=\"c7340f5\" data-element_type=\"widget\" data-widget_type=\"spacer.default\">\n\t\t\t\t<div class=\"elementor-widget-container\">\n\t\t\t<style>\/*! elementor - v3.18.0 - 04-12-2023 *\/\n.elementor-column .elementor-spacer-inner{height:var(--spacer-size)}.e-con{--container-widget-width:100%}.e-con-inner>.elementor-widget-spacer,.e-con>.elementor-widget-spacer{width:var(--container-widget-width,var(--spacer-size));--align-self:var(--container-widget-align-self,initial);--flex-shrink:0}.e-con-inner>.elementor-widget-spacer>.elementor-widget-container,.e-con>.elementor-widget-spacer>.elementor-widget-container{height:100%;width:100%}.e-con-inner>.elementor-widget-spacer>.elementor-widget-container>.elementor-spacer,.e-con>.elementor-widget-spacer>.elementor-widget-container>.elementor-spacer{height:100%}.e-con-inner>.elementor-widget-spacer>.elementor-widget-container>.elementor-spacer>.elementor-spacer-inner,.e-con>.elementor-widget-spacer>.elementor-widget-container>.elementor-spacer>.elementor-spacer-inner{height:var(--container-widget-height,var(--spacer-size))}.e-con-inner>.elementor-widget-spacer.elementor-widget-empty,.e-con>.elementor-widget-spacer.elementor-widget-empty{position:relative;min-height:22px;min-width:22px}.e-con-inner>.elementor-widget-spacer.elementor-widget-empty .elementor-widget-empty-icon,.e-con>.elementor-widget-spacer.elementor-widget-empty .elementor-widget-empty-icon{position:absolute;top:0;bottom:0;left:0;right:0;margin:auto;padding:0;width:22px;height:22px}<\/style>\t\t<div class=\"elementor-spacer\">\n\t\t\t<div class=\"elementor-spacer-inner\"><\/div>\n\t\t<\/div>\n\t\t\t\t<\/div>\n\t\t\t\t<\/div>\n\t\t\t\t<div class=\"elementor-element elementor-element-0d5942b elementor-widget elementor-widget-heading\" data-id=\"0d5942b\" data-element_type=\"widget\" data-widget_type=\"heading.default\">\n\t\t\t\t<div class=\"elementor-widget-container\">\n\t\t\t<style>\/*! elementor - v3.18.0 - 04-12-2023 *\/\n.elementor-heading-title{padding:0;margin:0;line-height:1}.elementor-widget-heading .elementor-heading-title[class*=elementor-size-]>a{color:inherit;font-size:inherit;line-height:inherit}.elementor-widget-heading .elementor-heading-title.elementor-size-small{font-size:15px}.elementor-widget-heading .elementor-heading-title.elementor-size-medium{font-size:19px}.elementor-widget-heading .elementor-heading-title.elementor-size-large{font-size:29px}.elementor-widget-heading .elementor-heading-title.elementor-size-xl{font-size:39px}.elementor-widget-heading .elementor-heading-title.elementor-size-xxl{font-size:59px}<\/style><h2 class=\"elementor-heading-title elementor-size-default\">Afdruk<\/h2>\t\t<\/div>\n\t\t\t\t<\/div>\n\t\t\t\t<div class=\"elementor-element elementor-element-fb786c9 elementor-widget elementor-widget-text-editor\" data-id=\"fb786c9\" data-element_type=\"widget\" data-widget_type=\"text-editor.default\">\n\t\t\t\t<div class=\"elementor-widget-container\">\n\t\t\t<style>\/*! elementor - v3.18.0 - 04-12-2023 *\/\n.elementor-widget-text-editor.elementor-drop-cap-view-stacked .elementor-drop-cap{background-color:#69727d;color:#fff}.elementor-widget-text-editor.elementor-drop-cap-view-framed .elementor-drop-cap{color:#69727d;border:3px solid;background-color:transparent}.elementor-widget-text-editor:not(.elementor-drop-cap-view-default) .elementor-drop-cap{margin-top:8px}.elementor-widget-text-editor:not(.elementor-drop-cap-view-default) .elementor-drop-cap-letter{width:1em;height:1em}.elementor-widget-text-editor .elementor-drop-cap{float:left;text-align:center;line-height:1;font-size:50px}.elementor-widget-text-editor .elementor-drop-cap-letter{display:inline-block}<\/style>\t\t\t\t<h1><span style=\"color: var(--brand-color); font-size: 28px;\">Angaben gem\u00e4\u00df \u00a75 TMG:<\/span><\/h1><p>Comitec Sailing B.V.<br \/>Molenstraat 20<br \/>7551DC Hengelo<\/p><p>Telefon: 05132-8624360<br \/>E-Mail: info@comitec-sailing.nl<\/p><p><strong>Vertretungsberechtigte Gesch\u00e4ftsf\u00fchrer:<\/strong><br \/>Comitec GmbH<\/p><p><strong>Umsatzsteueridentifikationsnummer<br \/><\/strong>NL863885706B01<\/p><h2><strong>Haftungsausschluss<br \/><\/strong><\/h2><p>Die Comitec Sailing B.V. \u00fcbernimmt keine Garantie daf\u00fcr, dass die auf dieser Website bereit gestellten Informationen vollst\u00e4ndig, richtig und in jedem Fall aktuell sind. Insbesondere \u00fcbernimmt die Comitec Sailing B.V.\u00a0keine Haftung f\u00fcr Inhalte, die ausdr\u00fccklich oder konkludent als fremde Inhalte gekennzeichnet sind. Die Comitec Sailing B.V.\u00a0ist nicht daf\u00fcr verantwortlich, dass solche Inhalte vollst\u00e4ndig, richtig, aktuell und rechtm\u00e4\u00dfig sind und nicht in unzul\u00e4ssiger Weise in Rechtsg\u00fcter Dritter eingreifen. Dies gilt auch f\u00fcr Inhalte von Webseiten, auf die durch einen Link verwiesen wird.<\/p><p>Die Comitec Sailing B.V.\u00a0beh\u00e4lt sich das Recht vor, ohne vorherige Ank\u00fcndigung \u00c4nderungen oder Erg\u00e4nzungen der bereitgestellten Informationen vorzunehmen oder diese zu entfernen.<\/p><p>Auf keinen Fall haftet die Comitec Sailing B.V.\u00a0f\u00fcr Sch\u00e4den, die durch fehlende Nutzungsm\u00f6glichkeiten oder Datenverluste im Zusammenhang mit der Nutzung von Dokumenten oder Informationen bzw. der Erbringung von Dienstleistungen entstehen, die auf dieser Website zug\u00e4nglich sind.<\/p><p><strong>\u00a0<\/strong><\/p>\t\t\t\t\t\t<\/div>\n\t\t\t\t<\/div>\n\t\t\t\t\t<\/div>\n\t\t<\/div>\n\t\t\t\t\t\t\t<\/div>\n\t\t<\/section>\n\t\t\t\t\t\t\t<\/div>","protected":false},"excerpt":{"rendered":"<p>Impressum Angaben gem\u00e4\u00df \u00a75 TMG: Comitec Sailing B.V.Molenstraat 207551DC Hengelo Telefon: 05132-8624360E-Mail: info@comitec-sailing.nl Vertretungsberechtigte Gesch\u00e4ftsf\u00fchrer:Comitec GmbH UmsatzsteueridentifikationsnummerNL863885706B01 Haftungsausschluss Die Comitec Sailing B.V. \u00fcbernimmt keine Garantie daf\u00fcr, dass die auf dieser Website bereit gestellten Informationen vollst\u00e4ndig, richtig und in jedem Fall aktuell sind. Insbesondere \u00fcbernimmt die Comitec Sailing B.V.\u00a0keine Haftung f\u00fcr Inhalte, die ausdr\u00fccklich oder konkludent [&hellip;]<\/p>","protected":false},"author":1,"featured_media":0,"parent":0,"menu_order":0,"comment_status":"closed","ping_status":"closed","template":"elementor_header_footer","meta":{"footnotes":""},"class_list":["post-45","page","type-page","status-publish","hentry","wpbf-post"],"aioseo_notices":[],"_links":{"self":[{"href":"https:\/\/comitec-sailing.de\/nl\/wp-json\/wp\/v2\/pages\/45","targetHints":{"allow":["GET"]}}],"collection":[{"href":"https:\/\/comitec-sailing.de\/nl\/wp-json\/wp\/v2\/pages"}],"about":[{"href":"https:\/\/comitec-sailing.de\/nl\/wp-json\/wp\/v2\/types\/page"}],"author":[{"embeddable":true,"href":"https:\/\/comitec-sailing.de\/nl\/wp-json\/wp\/v2\/users\/1"}],"replies":[{"embeddable":true,"href":"https:\/\/comitec-sailing.de\/nl\/wp-json\/wp\/v2\/comments?post=45"}],"version-history":[{"count":0,"href":"https:\/\/comitec-sailing.de\/nl\/wp-json\/wp\/v2\/pages\/45\/revisions"}],"wp:attachment":[{"href":"https:\/\/comitec-sailing.de\/nl\/wp-json\/wp\/v2\/media?parent=45"}],"curies":[{"name":"wp","href":"https:\/\/api.w.org\/{rel}","templated":true}]}}